{"id":5567,"date":"2024-04-10T11:17:13","date_gmt":"2024-04-10T09:17:13","guid":{"rendered":"https:\/\/www.ophtalmo-cannes.com\/terms-of-use\/"},"modified":"2024-06-07T11:15:38","modified_gmt":"2024-06-07T09:15:38","slug":"terms-of-use","status":"publish","type":"page","link":"https:\/\/www.ophtalmo-cannes.com\/en\/terms-of-use\/","title":{"rendered":"Terms of use"},"content":{"rendered":"<p>[et_pb_section fb_built=&#8221;1&#8243; _builder_version=&#8221;4.25.1&#8243; _module_preset=&#8221;default&#8221; custom_padding=&#8221;|30px||30px|false|false&#8221; hover_enabled=&#8221;0&#8243; global_colors_info=&#8221;{}&#8221; module_class=&#8221;fontweightp&#8221; sticky_enabled=&#8221;0&#8243;][et_pb_row _builder_version=&#8221;4.24.2&#8243; _module_preset=&#8221;default&#8221; width=&#8221;100%&#8221; max_width=&#8221;1170px&#8221; global_colors_info=&#8221;{}&#8221;][et_pb_column type=&#8221;4_4&#8243; _builder_version=&#8221;4.24.2&#8243; _module_preset=&#8221;default&#8221; global_colors_info=&#8221;{}&#8221;][et_pb_text content_last_edited=&#8221;off|desktop&#8221; _builder_version=&#8221;4.25.1&#8243; _module_preset=&#8221;default&#8221; text_font=&#8221;Rubik||||||||&#8221; text_text_color=&#8221;#0a2861&#8243; text_font_size=&#8221;16px&#8221; header_font=&#8221;Rubik||||||||&#8221; header_text_color=&#8221;#0a2861&#8243; header_font_size=&#8221;45px&#8221; header_line_height=&#8221;1.3em&#8221; text_font_size_tablet=&#8221;15px&#8221; text_font_size_phone=&#8221;15px&#8221; text_font_size_last_edited=&#8221;on|tablet&#8221; header_font_size_tablet=&#8221;34px&#8221; header_font_size_phone=&#8221;34px&#8221; header_font_size_last_edited=&#8221;on|tablet&#8221; global_colors_info=&#8221;{}&#8221;]<\/p>\n<h1>Terms of use<\/h1>\n<p>&nbsp;<\/p>\n<p>This site is published by :<\/p>\n<p>Company name: CENTRE OPHTALMOLOGIQUE AZUR VISION<br \/>Head office address: 23 rue des Etats-Unis, 06400 Cannes<br \/>Telephone number and e-mail address: 04 93 99 22 02 \/ contact@ophtalmo-cannes.com<br \/>Legal form: Soci\u00e9t\u00e9 d&#8217;exercice lib\u00e9ral par action simplifi\u00e9e (simplified joint-stock company for self-employed workers)<br \/>SIRET NO.: 92771097000017<br \/>Share capital: \u20ac1,000<\/p>\n<p>This site is hosted by :<br \/>Infomaniak Network SA Rue Eug\u00e8ne Marziano 25, 1227 Les Acacias (GE) Tel: +33 9 71 03 02 64<\/p>\n<p>[\/et_pb_text][\/et_pb_column][\/et_pb_row][\/et_pb_section]<\/p>\n","protected":false},"excerpt":{"rendered":"<p>Terms of use &nbsp; This site is published by : Company name: CENTRE OPHTALMOLOGIQUE AZUR VISIONHead office address: 23 rue des Etats-Unis, 06400 CannesTelephone number and e-mail address: 04 93 99 22 02 \/ contact@ophtalmo-cannes.comLegal form: Soci\u00e9t\u00e9 d&#8217;exercice lib\u00e9ral par action simplifi\u00e9e (simplified joint-stock company for self-employed workers)SIRET NO.: 92771097000017Share capital: \u20ac1,000 This site is hosted by :Infomaniak Network SA Rue Eug\u00e8ne Marziano 25, 1227 Les Acacias (GE) Tel: +33 9 71 03 02 64<\/p>\n","protected":false},"author":11,"featured_media":0,"parent":0,"menu_order":0,"comment_status":"closed","ping_status":"closed","template":"","meta":{"_et_pb_use_builder":"on","_et_pb_old_content":"","_et_gb_content_width":"","inline_featured_image":false,"footnotes":""},"class_list":["post-5567","page","type-page","status-publish","hentry"],"yoast_head":"<!-- This site is optimized with the Yoast SEO plugin v27.2 - https:\/\/yoast.com\/product\/yoast-seo-wordpress\/ -->\n<title>Terms of use - Cannes Eye Clinic<\/title>\n<meta name=\"description\" content=\"Terms of use -\" \/>\n<meta name=\"robots\" content=\"index, follow, max-snippet:-1, max-image-preview:large, max-video-preview:-1\" \/>\n<link rel=\"canonical\" href=\"https:\/\/www.ophtalmo-cannes.com\/en\/terms-of-use\/\" \/>\n<meta property=\"og:locale\" content=\"en_US\" \/>\n<meta property=\"og:type\" content=\"article\" \/>\n<meta property=\"og:title\" content=\"Terms of use - Cannes Eye Clinic\" \/>\n<meta property=\"og:description\" content=\"Terms of use -\" \/>\n<meta property=\"og:url\" content=\"https:\/\/www.ophtalmo-cannes.com\/en\/terms-of-use\/\" \/>\n<meta property=\"og:site_name\" content=\"Clinique ophtalmologique \u00e0 Cannes\" \/>\n<meta property=\"article:modified_time\" content=\"2024-06-07T09:15:38+00:00\" \/>\n<meta name=\"twitter:card\" content=\"summary_large_image\" \/>\n<meta name=\"twitter:label1\" content=\"Est. reading time\" \/>\n\t<meta name=\"twitter:data1\" content=\"1 minute\" \/>\n<script type=\"application\/ld+json\" class=\"yoast-schema-graph\">{\"@context\":\"https:\/\/schema.org\",\"@graph\":[{\"@type\":\"WebPage\",\"@id\":\"https:\/\/www.ophtalmo-cannes.com\/en\/terms-of-use\/\",\"url\":\"https:\/\/www.ophtalmo-cannes.com\/en\/terms-of-use\/\",\"name\":\"Terms of use - Cannes Eye Clinic\",\"isPartOf\":{\"@id\":\"https:\/\/www.ophtalmo-cannes.com\/en\/#website\"},\"datePublished\":\"2024-04-10T09:17:13+00:00\",\"dateModified\":\"2024-06-07T09:15:38+00:00\",\"description\":\"Terms of use -\",\"breadcrumb\":{\"@id\":\"https:\/\/www.ophtalmo-cannes.com\/en\/terms-of-use\/#breadcrumb\"},\"inLanguage\":\"en-US\",\"potentialAction\":[{\"@type\":\"ReadAction\",\"target\":[\"https:\/\/www.ophtalmo-cannes.com\/en\/terms-of-use\/\"]}]},{\"@type\":\"BreadcrumbList\",\"@id\":\"https:\/\/www.ophtalmo-cannes.com\/en\/terms-of-use\/#breadcrumb\",\"itemListElement\":[{\"@type\":\"ListItem\",\"position\":1,\"name\":\"Accueil\",\"item\":\"https:\/\/www.ophtalmo-cannes.com\/en\/\"},{\"@type\":\"ListItem\",\"position\":2,\"name\":\"Terms of use\"}]},{\"@type\":\"WebSite\",\"@id\":\"https:\/\/www.ophtalmo-cannes.com\/en\/#website\",\"url\":\"https:\/\/www.ophtalmo-cannes.com\/en\/\",\"name\":\"Clinique ophtalmologique \u00e0 Cannes\",\"description\":\"\",\"potentialAction\":[{\"@type\":\"SearchAction\",\"target\":{\"@type\":\"EntryPoint\",\"urlTemplate\":\"https:\/\/www.ophtalmo-cannes.com\/en\/?s={search_term_string}\"},\"query-input\":{\"@type\":\"PropertyValueSpecification\",\"valueRequired\":true,\"valueName\":\"search_term_string\"}}],\"inLanguage\":\"en-US\"}]}<\/script>\n<!-- \/ Yoast SEO plugin. -->","yoast_head_json":{"title":"Terms of use - Cannes Eye Clinic","description":"Terms of use -","robots":{"index":"index","follow":"follow","max-snippet":"max-snippet:-1","max-image-preview":"max-image-preview:large","max-video-preview":"max-video-preview:-1"},"canonical":"https:\/\/www.ophtalmo-cannes.com\/en\/terms-of-use\/","og_locale":"en_US","og_type":"article","og_title":"Terms of use - Cannes Eye Clinic","og_description":"Terms of use -","og_url":"https:\/\/www.ophtalmo-cannes.com\/en\/terms-of-use\/","og_site_name":"Clinique ophtalmologique \u00e0 Cannes","article_modified_time":"2024-06-07T09:15:38+00:00","twitter_card":"summary_large_image","twitter_misc":{"Est. reading time":"1 minute"},"schema":{"@context":"https:\/\/schema.org","@graph":[{"@type":"WebPage","@id":"https:\/\/www.ophtalmo-cannes.com\/en\/terms-of-use\/","url":"https:\/\/www.ophtalmo-cannes.com\/en\/terms-of-use\/","name":"Terms of use - Cannes Eye Clinic","isPartOf":{"@id":"https:\/\/www.ophtalmo-cannes.com\/en\/#website"},"datePublished":"2024-04-10T09:17:13+00:00","dateModified":"2024-06-07T09:15:38+00:00","description":"Terms of use -","breadcrumb":{"@id":"https:\/\/www.ophtalmo-cannes.com\/en\/terms-of-use\/#breadcrumb"},"inLanguage":"en-US","potentialAction":[{"@type":"ReadAction","target":["https:\/\/www.ophtalmo-cannes.com\/en\/terms-of-use\/"]}]},{"@type":"BreadcrumbList","@id":"https:\/\/www.ophtalmo-cannes.com\/en\/terms-of-use\/#breadcrumb","itemListElement":[{"@type":"ListItem","position":1,"name":"Accueil","item":"https:\/\/www.ophtalmo-cannes.com\/en\/"},{"@type":"ListItem","position":2,"name":"Terms of use"}]},{"@type":"WebSite","@id":"https:\/\/www.ophtalmo-cannes.com\/en\/#website","url":"https:\/\/www.ophtalmo-cannes.com\/en\/","name":"Clinique ophtalmologique \u00e0 Cannes","description":"","potentialAction":[{"@type":"SearchAction","target":{"@type":"EntryPoint","urlTemplate":"https:\/\/www.ophtalmo-cannes.com\/en\/?s={search_term_string}"},"query-input":{"@type":"PropertyValueSpecification","valueRequired":true,"valueName":"search_term_string"}}],"inLanguage":"en-US"}]}},"_links":{"self":[{"href":"https:\/\/www.ophtalmo-cannes.com\/en\/wp-json\/wp\/v2\/pages\/5567","targetHints":{"allow":["GET"]}}],"collection":[{"href":"https:\/\/www.ophtalmo-cannes.com\/en\/wp-json\/wp\/v2\/pages"}],"about":[{"href":"https:\/\/www.ophtalmo-cannes.com\/en\/wp-json\/wp\/v2\/types\/page"}],"author":[{"embeddable":true,"href":"https:\/\/www.ophtalmo-cannes.com\/en\/wp-json\/wp\/v2\/users\/11"}],"replies":[{"embeddable":true,"href":"https:\/\/www.ophtalmo-cannes.com\/en\/wp-json\/wp\/v2\/comments?post=5567"}],"version-history":[{"count":13,"href":"https:\/\/www.ophtalmo-cannes.com\/en\/wp-json\/wp\/v2\/pages\/5567\/revisions"}],"predecessor-version":[{"id":7997,"href":"https:\/\/www.ophtalmo-cannes.com\/en\/wp-json\/wp\/v2\/pages\/5567\/revisions\/7997"}],"wp:attachment":[{"href":"https:\/\/www.ophtalmo-cannes.com\/en\/wp-json\/wp\/v2\/media?parent=5567"}],"curies":[{"name":"wp","href":"https:\/\/api.w.org\/{rel}","templated":true}]}}